{"id":4248,"date":"2026-03-12T12:03:35","date_gmt":"2026-03-12T11:03:35","guid":{"rendered":"https:\/\/stadtbau-wuerzburg.de\/?page_id=4248"},"modified":"2026-04-27T10:13:58","modified_gmt":"2026-04-27T08:13:58","slug":"wohnungssuche","status":"publish","type":"page","link":"https:\/\/stadtbau-wuerzburg.de\/en\/wohnungssuche\/","title":{"rendered":"Wohnungssuche"},"content":{"rendered":"<div data-elementor-type=\"wp-page\" data-elementor-id=\"4248\" class=\"elementor elementor-4248\" data-elementor-post-type=\"page\">\n\t\t\t\t<div class=\"elementor-element elementor-element-69d4c397 e-flex e-con-boxed e-con e-parent\" data-id=\"69d4c397\" data-element_type=\"container\" data-e-type=\"container\" data-settings=\"{&quot;background_background&quot;:&quot;classic&quot;}\">\n\t\t\t\t\t<div class=\"e-con-inner\">\n\t\t\t\t<div class=\"elementor-element elementor-element-a5fd2dc elementor-widget elementor-widget-heading\" data-id=\"a5fd2dc\" data-element_type=\"widget\" data-e-type=\"widget\" data-widget_type=\"heading.default\">\n\t\t\t\t<div class=\"elementor-widget-container\">\n\t\t\t\t\t<h1 class=\"elementor-heading-title elementor-size-default\">Wohnung W\u00fcrzburg <\/h1>\t\t\t\t<\/div>\n\t\t\t\t<\/div>\n\t\t\t\t<div class=\"elementor-element elementor-element-7465115b elementor-widget__width-initial elementor-invisible elementor-widget elementor-widget-heading\" data-id=\"7465115b\" data-element_type=\"widget\" data-e-type=\"widget\" data-settings=\"{&quot;_animation&quot;:&quot;fadeInUp&quot;,&quot;_animation_delay&quot;:200}\" data-widget_type=\"heading.default\">\n\t\t\t\t<div class=\"elementor-widget-container\">\n\t\t\t\t\t<h2 class=\"elementor-heading-title elementor-size-default\"> Wohnen <span style=\"font-weight: 500\">in allen Lebenslagen.<\/span> <\/h2>\t\t\t\t<\/div>\n\t\t\t\t<\/div>\n\t\t\t\t<div class=\"elementor-element elementor-element-27af9ad1 elementor-widget__width-initial elementor-invisible elementor-widget elementor-widget-text-editor\" data-id=\"27af9ad1\" data-element_type=\"widget\" data-e-type=\"widget\" data-settings=\"{&quot;_animation&quot;:&quot;fadeInUp&quot;,&quot;_animation_delay&quot;:400}\" data-widget_type=\"text-editor.default\">\n\t\t\t\t<div class=\"elementor-widget-container\">\n\t\t\t\t\t\t\t\t\t<p>Sie sind auf der Suche nach einer passenden Wohnung? Hier entdecken Sie unsere aktuellen Angebote und erhalten alle wichtigen Informationen rund um Ihre Wohnungssuche.<\/p>\t\t\t\t\t\t\t\t<\/div>\n\t\t\t\t<\/div>\n\t\t<div class=\"elementor-element elementor-element-4e4380db e-con-full e-flex e-con e-child\" data-id=\"4e4380db\" data-element_type=\"container\" data-e-type=\"container\">\n\t\t\t\t<div class=\"elementor-element elementor-element-3230aa9d elementor-invisible elementor-widget elementor-widget-button\" data-id=\"3230aa9d\" data-element_type=\"widget\" data-e-type=\"widget\" data-settings=\"{&quot;_animation&quot;:&quot;fadeInUp&quot;,&quot;_animation_delay&quot;:600}\" data-widget_type=\"button.default\">\n\t\t\t\t<div class=\"elementor-widget-container\">\n\t\t\t\t\t\t\t\t\t<div class=\"elementor-button-wrapper\">\n\t\t\t\t\t<a class=\"elementor-button elementor-button-link elementor-size-sm\" href=\"#angebote\">\n\t\t\t\t\t\t<span class=\"elementor-button-content-wrapper\">\n\t\t\t\t\t\t<span class=\"elementor-button-icon\">\n\t\t\t\t<svg aria-hidden=\"true\" class=\"e-font-icon-svg e-fas-chevron-right\" viewbox=\"0 0 320 512\" xmlns=\"http:\/\/www.w3.org\/2000\/svg\"><path d=\"M285.476 272.971L91.132 467.314c-9.373 9.373-24.569 9.373-33.941 0l-22.667-22.667c-9.357-9.357-9.375-24.522-.04-33.901L188.505 256 34.484 101.255c-9.335-9.379-9.317-24.544.04-33.901l22.667-22.667c9.373-9.373 24.569-9.373 33.941 0L285.475 239.03c9.373 9.372 9.373 24.568.001 33.941z\"><\/path><\/svg>\t\t\t<\/span>\n\t\t\t\t\t\t\t\t\t<span class=\"elementor-button-text\">Wohnung finden<\/span>\n\t\t\t\t\t<\/span>\n\t\t\t\t\t<\/a>\n\t\t\t\t<\/div>\n\t\t\t\t\t\t\t\t<\/div>\n\t\t\t\t<\/div>\n\t\t\t\t<\/div>\n\t\t\t\t\t<\/div>\n\t\t\t\t<\/div>\n\t\t<div class=\"elementor-element elementor-element-2a16934 e-flex e-con-boxed e-con e-parent\" data-id=\"2a16934\" data-element_type=\"container\" data-e-type=\"container\">\n\t\t\t\t\t<div class=\"e-con-inner\">\n\t\t<div class=\"elementor-element elementor-element-2dfe4ae e-con-full e-flex e-con e-child\" data-id=\"2dfe4ae\" data-element_type=\"container\" data-e-type=\"container\">\n\t\t<div class=\"elementor-element elementor-element-a986af7 e-con-full e-grid e-con e-child\" data-id=\"a986af7\" data-element_type=\"container\" data-e-type=\"container\" data-settings=\"{&quot;background_background&quot;:&quot;classic&quot;}\">\n\t\t<div class=\"elementor-element elementor-element-fcb4ae5 e-con-full e-flex elementor-invisible e-con e-child\" data-id=\"fcb4ae5\" data-element_type=\"container\" data-e-type=\"container\" data-settings=\"{&quot;background_background&quot;:&quot;classic&quot;,&quot;animation&quot;:&quot;fadeInUp&quot;,&quot;animation_delay&quot;:400}\">\n\t\t\t\t<div class=\"elementor-element elementor-element-4208666 elementor-view-default elementor-widget elementor-widget-icon\" data-id=\"4208666\" data-element_type=\"widget\" data-e-type=\"widget\" data-widget_type=\"icon.default\">\n\t\t\t\t<div class=\"elementor-widget-container\">\n\t\t\t\t\t\t\t<div class=\"elementor-icon-wrapper\">\n\t\t\t<div class=\"elementor-icon\">\n\t\t\t<svg xmlns=\"http:\/\/www.w3.org\/2000\/svg\" width=\"69\" height=\"69\" viewbox=\"0 0 69 69\" fill=\"none\"><path d=\"M67.0511 8.89054C65.4863 5.82524 62.9944 3.33338 59.9344 1.77384C56.4511 -2.55534e-07 51.8907 0 42.7697 0H26.0498C16.9343 0 12.3738 -2.55534e-07 8.8905 1.77384C5.82517 3.33338 3.33325 5.82524 1.77381 8.89054C-2.55534e-07 12.3738 0 16.9343 0 26.0499V42.7698C0 51.8907 -2.55534e-07 56.4512 1.77381 59.9345C3.33325 62.9945 5.82517 65.4864 8.8905 67.0512C12.3738 68.825 16.9343 68.825 26.0498 68.825H42.7697C51.8907 68.825 56.4511 68.825 59.9344 67.0512C62.9944 65.4864 65.4863 62.9945 67.0511 59.9345C68.8249 56.4512 68.8249 51.8907 68.8249 42.7698V26.0499C68.8249 16.9343 68.8249 12.3738 67.0511 8.89054ZM10.4232 45.1224L6.55398 40.1708C6.28067 39.8223 6.345 39.3133 6.69332 39.04L26.5054 23.5634C26.859 23.2901 27.3628 23.349 27.6361 23.6974L31.5052 28.649C31.7785 29.0027 31.7142 29.5064 31.3659 29.7797L11.5485 45.2618C11.2002 45.5351 10.6965 45.4707 10.4232 45.1224ZM25.6908 45.1224L21.8216 40.1708C21.5483 39.8223 21.6126 39.3133 21.9609 39.04L41.773 23.5634C42.1267 23.2901 42.6304 23.349 42.9037 23.6974L46.7729 28.649C47.0462 29.0027 46.9819 29.5064 46.6335 29.7797L26.8215 45.2618C26.4678 45.5351 25.9641 45.4707 25.6908 45.1224ZM62.1262 29.7797L42.3142 45.2618C41.9659 45.5351 41.4568 45.4707 41.1835 45.1224L37.3197 40.1708C37.0464 39.8223 37.1053 39.3133 37.459 39.04L57.271 23.5634C57.6194 23.2901 58.1285 23.349 58.4018 23.6974L62.2656 28.649C62.5389 29.0027 62.4799 29.5064 62.1262 29.7797Z\" fill=\"#FF4E33\"><\/path><\/svg>\t\t\t<\/div>\n\t\t<\/div>\n\t\t\t\t\t\t<\/div>\n\t\t\t\t<\/div>\n\t\t\t\t<div class=\"elementor-element elementor-element-ed571ec elementor-widget elementor-widget-heading\" data-id=\"ed571ec\" data-element_type=\"widget\" data-e-type=\"widget\" data-widget_type=\"heading.default\">\n\t\t\t\t<div class=\"elementor-widget-container\">\n\t\t\t\t\t<h3 class=\"elementor-heading-title elementor-size-default\">Vergabekriterien unserer Wohnungen in Standardsprache<\/h3>\t\t\t\t<\/div>\n\t\t\t\t<\/div>\n\t\t\t\t<div class=\"elementor-element elementor-element-c2fcb29 elementor-widget elementor-widget-button\" data-id=\"c2fcb29\" data-element_type=\"widget\" data-e-type=\"widget\" data-widget_type=\"button.default\">\n\t\t\t\t<div class=\"elementor-widget-container\">\n\t\t\t\t\t\t\t\t\t<div class=\"elementor-button-wrapper\">\n\t\t\t\t\t<a class=\"elementor-button elementor-button-link elementor-size-sm\" href=\"https:\/\/stadtbau-wuerzburg.de\/en\/vergabekriterien\/\">\n\t\t\t\t\t\t<span class=\"elementor-button-content-wrapper\">\n\t\t\t\t\t\t<span class=\"elementor-button-icon\">\n\t\t\t\t<i aria-hidden=\"true\" class=\"jki jki-arrow-right-circle-line\"><\/i>\t\t\t<\/span>\n\t\t\t\t\t\t\t\t\t<span class=\"elementor-button-text\">Jetzt durchlesen<\/span>\n\t\t\t\t\t<\/span>\n\t\t\t\t\t<\/a>\n\t\t\t\t<\/div>\n\t\t\t\t\t\t\t\t<\/div>\n\t\t\t\t<\/div>\n\t\t\t\t<\/div>\n\t\t<div class=\"elementor-element elementor-element-8543f73 e-con-full e-flex elementor-invisible e-con e-child\" data-id=\"8543f73\" data-element_type=\"container\" data-e-type=\"container\" data-settings=\"{&quot;background_background&quot;:&quot;classic&quot;,&quot;animation&quot;:&quot;fadeInUp&quot;,&quot;animation_delay&quot;:400}\">\n\t\t\t\t<div class=\"elementor-element elementor-element-1a89816 elementor-view-default elementor-widget elementor-widget-icon\" data-id=\"1a89816\" data-element_type=\"widget\" data-e-type=\"widget\" data-widget_type=\"icon.default\">\n\t\t\t\t<div class=\"elementor-widget-container\">\n\t\t\t\t\t\t\t<div class=\"elementor-icon-wrapper\">\n\t\t\t<div class=\"elementor-icon\">\n\t\t\t<svg xmlns=\"http:\/\/www.w3.org\/2000\/svg\" width=\"75\" height=\"55\" viewbox=\"0 0 75 55\" fill=\"none\"><path d=\"M66.7725 0H7.59898C3.40218 0 0 3.40218 0 7.59898V37.0014C0 41.1983 3.40222 44.6005 7.59908 44.6005H7.82879C9.27332 44.6005 10.6373 45.2661 11.5261 46.4048L16.9405 53.3408C17.7746 54.4092 19.317 54.5991 20.3853 53.7649L30.8491 45.5941C31.6736 44.9502 32.6898 44.6005 33.7359 44.6005H66.767C70.9639 44.6005 74.3661 41.1983 74.3661 37.0014V7.59358C74.3661 3.39976 70.9663 0 66.7725 0ZM64.9933 28.4808C64.2645 29.2095 63.2516 29.6651 62.137 29.6651H12.2291C9.99981 29.6651 8.18849 27.8538 8.18849 25.6244C8.18849 24.5045 8.63862 23.4969 9.37279 22.768C10.107 22.0339 11.1144 21.5837 12.2291 21.5837H62.137C64.3663 21.5837 66.1776 23.3898 66.1776 25.6244C66.1776 26.7391 65.7221 27.752 64.9933 28.4808ZM64.9933 15.8658C64.2645 16.6 63.2516 17.0501 62.137 17.0501H12.2291C9.99981 17.0501 8.18849 15.2442 8.18849 13.0094C8.18849 11.8949 8.63862 10.8819 9.37279 10.1532C10.107 9.42432 11.1144 8.96876 12.2291 8.96876H62.137C64.3663 8.96876 66.1776 10.7802 66.1776 13.0094C66.1776 14.1295 65.7221 15.137 64.9933 15.8658Z\" fill=\"#FF4E33\"><\/path><\/svg>\t\t\t<\/div>\n\t\t<\/div>\n\t\t\t\t\t\t<\/div>\n\t\t\t\t<\/div>\n\t\t\t\t<div class=\"elementor-element elementor-element-0012c53 elementor-widget elementor-widget-heading\" data-id=\"0012c53\" data-element_type=\"widget\" data-e-type=\"widget\" data-widget_type=\"heading.default\">\n\t\t\t\t<div class=\"elementor-widget-container\">\n\t\t\t\t\t<h3 class=\"elementor-heading-title elementor-size-default\">Vergabekriterien unserer Wohnungen in leichter Sprache<\/h3>\t\t\t\t<\/div>\n\t\t\t\t<\/div>\n\t\t\t\t<div class=\"elementor-element elementor-element-fcd54bd elementor-widget elementor-widget-button\" data-id=\"fcd54bd\" data-element_type=\"widget\" data-e-type=\"widget\" data-widget_type=\"button.default\">\n\t\t\t\t<div class=\"elementor-widget-container\">\n\t\t\t\t\t\t\t\t\t<div class=\"elementor-button-wrapper\">\n\t\t\t\t\t<a class=\"elementor-button elementor-button-link elementor-size-sm\" href=\"https:\/\/stadtbau-wuerzburg.de\/en\/vergabekriterien-leichte-sprache\/\">\n\t\t\t\t\t\t<span class=\"elementor-button-content-wrapper\">\n\t\t\t\t\t\t<span class=\"elementor-button-icon\">\n\t\t\t\t<i aria-hidden=\"true\" class=\"jki jki-arrow-right-circle-line\"><\/i>\t\t\t<\/span>\n\t\t\t\t\t\t\t\t\t<span class=\"elementor-button-text\">Jetzt durchlesen<\/span>\n\t\t\t\t\t<\/span>\n\t\t\t\t\t<\/a>\n\t\t\t\t<\/div>\n\t\t\t\t\t\t\t\t<\/div>\n\t\t\t\t<\/div>\n\t\t\t\t<\/div>\n\t\t<div class=\"elementor-element elementor-element-4c08baf e-con-full e-flex elementor-invisible e-con e-child\" data-id=\"4c08baf\" data-element_type=\"container\" data-e-type=\"container\" data-settings=\"{&quot;background_background&quot;:&quot;classic&quot;,&quot;animation&quot;:&quot;fadeInUp&quot;,&quot;animation_delay&quot;:400}\">\n\t\t\t\t<div class=\"elementor-element elementor-element-df07068 elementor-view-default elementor-widget elementor-widget-icon\" data-id=\"df07068\" data-element_type=\"widget\" data-e-type=\"widget\" data-widget_type=\"icon.default\">\n\t\t\t\t<div class=\"elementor-widget-container\">\n\t\t\t\t\t\t\t<div class=\"elementor-icon-wrapper\">\n\t\t\t<div class=\"elementor-icon\">\n\t\t\t<svg xmlns=\"http:\/\/www.w3.org\/2000\/svg\" width=\"76\" height=\"70\" viewbox=\"0 0 76 70\" fill=\"none\"><path d=\"M21.8659 26.8887V14.0096C21.8659 12.5635 22.6344 11.2264 23.8838 10.4984L28.1282 8.02559L23.9644 5.63351C22.9696 5.06035 21.7475 5.06498 20.7574 5.64299L1.80479 16.6944C0.686838 17.348 0 18.5418 0 19.835V66.9489C0 68.3652 1.14634 69.5163 2.56269 69.5163L24.4049 69.5402C22.9743 69.379 21.8659 68.1663 21.8659 66.6883V26.8887ZM15.7524 48.001C15.7524 48.5693 15.2881 49.0289 14.715 49.0289H8.99267C8.41949 49.0289 7.96002 48.5693 7.96002 48.001V42.2741C7.96002 41.7007 8.41949 41.2413 8.99267 41.2413H14.715C15.2881 41.2413 15.7524 41.7007 15.7524 42.2741V48.001ZM15.7524 35.1827C15.7524 35.7607 15.2739 36.2344 14.696 36.2344H9.0211C8.43371 36.2344 7.96002 35.7607 7.96002 35.1827V29.503C7.96002 28.9206 8.43371 28.4469 9.0211 28.4469H14.696C15.2739 28.4469 15.7524 28.9206 15.7524 29.503V35.1827Z\" fill=\"#FF4E33\"><\/path><path d=\"M73.1721 12.0139L53.0684 0.461012C51.9961 -0.157455 50.6717 -0.15298 49.604 0.47041L29.1016 12.4262C27.8918 13.132 27.1494 14.4242 27.1494 15.822V66.7847C27.1494 68.3197 28.3913 69.5615 29.9219 69.5615L58.587 69.5944C59.0957 69.5944 59.5081 69.1864 59.5081 68.6778L59.4244 59.0171C59.4244 58.513 59.8368 58.1006 60.3409 58.1006H67.4485C67.9571 58.1006 68.3696 58.513 68.3696 59.0171V68.6778C68.3696 69.1864 68.782 69.5944 69.2861 69.5944H72.3702C73.9007 69.5944 75.1426 67.9028 75.1426 66.3676V15.4186C75.1426 14.0163 74.391 12.7149 73.1721 12.0139ZM42.611 46.2914C42.611 46.9053 42.1115 47.405 41.4928 47.405H35.3018C34.6832 47.405 34.1836 46.9053 34.1836 46.2914V40.0957C34.1836 39.477 34.6832 38.9776 35.3018 38.9776H41.4928C42.1115 38.9776 42.611 39.477 42.611 40.0957V46.2914ZM42.611 32.4244C42.611 33.0523 42.0977 33.5656 41.4699 33.5656H35.3293C34.6969 33.5656 34.1836 33.0523 34.1836 32.4244V26.2838C34.1836 25.6515 34.6969 25.1382 35.3293 25.1382H41.4699C42.0977 25.1382 42.611 25.6515 42.611 26.2838V32.4244ZM54.9747 46.2914C54.9747 46.9053 54.4752 47.405 53.8566 47.405H47.661C47.0469 47.405 46.5474 46.9053 46.5474 46.2914V40.0957C46.5474 39.477 47.0469 38.9776 47.661 38.9776H53.8566C54.4752 38.9776 54.9747 39.477 54.9747 40.0957V46.2914ZM55.3597 32.4244C55.3597 33.0523 54.8464 33.5656 54.214 33.5656H48.078C47.4456 33.5656 46.9323 33.0523 46.9323 32.4244V26.2838C46.9323 25.6515 47.4456 25.1382 48.078 25.1382H54.214C54.8464 25.1382 55.3597 25.6515 55.3597 26.2838V32.4244ZM68.1084 32.4244C68.1084 33.0523 67.5951 33.5656 66.9627 33.5656H60.8221C60.1943 33.5656 59.681 33.0523 59.681 32.4244V26.2838C59.681 25.6515 60.1943 25.1382 60.8221 25.1382H66.9627C67.5951 25.1382 68.1084 25.6515 68.1084 26.2838V32.4244Z\" fill=\"#FF4E33\"><\/path><\/svg>\t\t\t<\/div>\n\t\t<\/div>\n\t\t\t\t\t\t<\/div>\n\t\t\t\t<\/div>\n\t\t\t\t<div class=\"elementor-element elementor-element-35e117c elementor-widget elementor-widget-heading\" data-id=\"35e117c\" data-element_type=\"widget\" data-e-type=\"widget\" data-widget_type=\"heading.default\">\n\t\t\t\t<div class=\"elementor-widget-container\">\n\t\t\t\t\t<h3 class=\"elementor-heading-title elementor-size-default\">Informationen zum Zuschuss zur Miete (EOF, BayMod)<\/h3>\t\t\t\t<\/div>\n\t\t\t\t<\/div>\n\t\t\t\t<div class=\"elementor-element elementor-element-6a11c22 elementor-widget elementor-widget-button\" data-id=\"6a11c22\" data-element_type=\"widget\" data-e-type=\"widget\" data-widget_type=\"button.default\">\n\t\t\t\t<div class=\"elementor-widget-container\">\n\t\t\t\t\t\t\t\t\t<div class=\"elementor-button-wrapper\">\n\t\t\t\t\t<a class=\"elementor-button elementor-button-link elementor-size-sm\" href=\"https:\/\/stadtbau-wuerzburg.de\/en\/mietzuschuss\/\">\n\t\t\t\t\t\t<span class=\"elementor-button-content-wrapper\">\n\t\t\t\t\t\t<span class=\"elementor-button-icon\">\n\t\t\t\t<i aria-hidden=\"true\" class=\"jki jki-arrow-right-circle-line\"><\/i>\t\t\t<\/span>\n\t\t\t\t\t\t\t\t\t<span class=\"elementor-button-text\">Jetzt durchlesen<\/span>\n\t\t\t\t\t<\/span>\n\t\t\t\t\t<\/a>\n\t\t\t\t<\/div>\n\t\t\t\t\t\t\t\t<\/div>\n\t\t\t\t<\/div>\n\t\t\t\t<\/div>\n\t\t<div class=\"elementor-element elementor-element-5492975 e-con-full e-flex elementor-invisible e-con e-child\" data-id=\"5492975\" data-element_type=\"container\" data-e-type=\"container\" data-settings=\"{&quot;background_background&quot;:&quot;classic&quot;,&quot;animation&quot;:&quot;fadeInUp&quot;,&quot;animation_delay&quot;:400}\">\n\t\t\t\t<div class=\"elementor-element elementor-element-7b37ddb elementor-view-default elementor-widget elementor-widget-icon\" data-id=\"7b37ddb\" data-element_type=\"widget\" data-e-type=\"widget\" data-widget_type=\"icon.default\">\n\t\t\t\t<div class=\"elementor-widget-container\">\n\t\t\t\t\t\t\t<div class=\"elementor-icon-wrapper\">\n\t\t\t<div class=\"elementor-icon\">\n\t\t\t<svg xmlns=\"http:\/\/www.w3.org\/2000\/svg\" width=\"58\" height=\"65\" viewbox=\"0 0 58 65\" fill=\"none\"><path d=\"M9.26646 5.98653C-0.992864 14.5183 -3.02914 29.7405 4.64433 40.6567C11.7137 50.7134 24.4516 54.1043 35.2021 49.9038C36.331 49.4627 37.6163 49.8364 38.3626 50.7916L46.9913 61.8358C48.8938 64.2709 52.3928 64.9606 54.9452 63.2186C57.7418 61.3099 58.3071 57.4742 56.2558 54.8487L47.3742 43.4808C46.6265 42.5237 46.6061 41.2035 47.2819 40.1942C53.3199 31.1767 53.2027 18.9438 46.1576 9.92645C37.2111 -1.52446 20.5274 -3.37817 9.26646 5.98653ZM34.8743 37.4503C28.4598 42.4619 19.1968 41.3297 14.1808 34.9094C9.16929 28.495 10.3072 19.2276 16.7217 14.216C23.1362 9.20447 32.4036 10.3424 37.4151 16.7568C42.4311 23.177 41.2888 32.4388 34.8743 37.4503Z\" fill=\"#FF4E33\"><\/path><\/svg>\t\t\t<\/div>\n\t\t<\/div>\n\t\t\t\t\t\t<\/div>\n\t\t\t\t<\/div>\n\t\t\t\t<div class=\"elementor-element elementor-element-7ab0414 elementor-widget elementor-widget-heading\" data-id=\"7ab0414\" data-element_type=\"widget\" data-e-type=\"widget\" data-widget_type=\"heading.default\">\n\t\t\t\t<div class=\"elementor-widget-container\">\n\t\t\t\t\t<h3 class=\"elementor-heading-title elementor-size-default\">Informationen zum Vermarktungstool Immomio<\/h3>\t\t\t\t<\/div>\n\t\t\t\t<\/div>\n\t\t\t\t<div class=\"elementor-element elementor-element-12cef1c elementor-widget elementor-widget-button\" data-id=\"12cef1c\" data-element_type=\"widget\" data-e-type=\"widget\" data-widget_type=\"button.default\">\n\t\t\t\t<div class=\"elementor-widget-container\">\n\t\t\t\t\t\t\t\t\t<div class=\"elementor-button-wrapper\">\n\t\t\t\t\t<a class=\"elementor-button elementor-button-link elementor-size-sm\" href=\"https:\/\/stadtbau-wuerzburg.de\/en\/vermarktungstool\/\">\n\t\t\t\t\t\t<span class=\"elementor-button-content-wrapper\">\n\t\t\t\t\t\t<span class=\"elementor-button-icon\">\n\t\t\t\t<i aria-hidden=\"true\" class=\"jki jki-arrow-right-circle-line\"><\/i>\t\t\t<\/span>\n\t\t\t\t\t\t\t\t\t<span class=\"elementor-button-text\">Jetzt durchlesen<\/span>\n\t\t\t\t\t<\/span>\n\t\t\t\t\t<\/a>\n\t\t\t\t<\/div>\n\t\t\t\t\t\t\t\t<\/div>\n\t\t\t\t<\/div>\n\t\t\t\t<\/div>\n\t\t\t\t<\/div>\n\t\t<div class=\"elementor-element elementor-element-5ed1e7e e-con-full e-flex e-con e-child\" data-id=\"5ed1e7e\" data-element_type=\"container\" data-e-type=\"container\" id=\"angebote\">\n\t\t\t\t<div class=\"elementor-element elementor-element-6fddc94 elementor-widget elementor-widget-html\" data-id=\"6fddc94\" data-element_type=\"widget\" data-e-type=\"widget\" data-widget_type=\"html.default\">\n\t\t\t\t<div class=\"elementor-widget-container\">\n\t\t\t\t\t <div class=\"brlbs-cmpnt-container brlbs-cmpnt-content-blocker brlbs-cmpnt-with-individual-styles\" data-borlabs-cookie-content-blocker-id=\"default\" data-borlabs-cookie-content=\"PGlmcmFtZSB3aWR0aD0iMTAwJSIgaGVpZ2h0PSIxNTE4cHgiIHNyYz0iaHR0cHM6Ly9ob21lcGFnZS5pbW1vbWlvLmNvbS9kZS9wcm9wZXJ0aWVzP3Rva2VuPWV5SmhiR2NpT2lKSVV6STFOaUo5LmV5SmpkWE4wYjIxbGNrbGtJam95TlRRNU9EQTJPVEVzSW1sa0lqbzBOREU0TkRNd01URXNJbU55WldGMFpXUWlPakUyT0RnMU5EZzJOekU0TnpGOS5fMVNvNUhHeXQ1T3M1d2lHTjUtQWlUVm1OZExMOWl3OWY4bUROeXh4dHcwIiBzdHlsZT0iYm9yZGVyOiAwcHg7IG92ZXJmbG93OiBoaWRkZW47Ij48L2lmcmFtZT4=\"><div class=\"brlbs-cmpnt-cb-preset-a\"> <p class=\"brlbs-cmpnt-cb-description\">You are currently viewing a placeholder content from <strong>Default<\/strong>. To access the actual content, click the button below. Please note that doing so will share data with third-party providers.<\/p> <div class=\"brlbs-cmpnt-cb-buttons\"> <a class=\"brlbs-cmpnt-cb-btn\" href=\"#\" data-borlabs-cookie-unblock role=\"button\">Unblock content<\/a> <a class=\"brlbs-cmpnt-cb-btn\" href=\"#\" data-borlabs-cookie-accept-service role=\"button\" style=\"display: none\">Accept required service and unblock content<\/a> <\/div> <a class=\"brlbs-cmpnt-cb-provider-toggle\" href=\"#\" data-borlabs-cookie-show-provider-information role=\"button\">More Information<\/a> <\/div><\/div>\t\t\t\t<\/div>\n\t\t\t\t<\/div>\n\t\t\t\t<\/div>\n\t\t\t\t<\/div>\n\t\t\t\t\t<\/div>\n\t\t\t\t<\/div>\n\t\t<div class=\"elementor-element elementor-element-f72f4ce e-flex e-con-boxed e-con e-parent\" data-id=\"f72f4ce\" data-element_type=\"container\" data-e-type=\"container\">\n\t\t\t\t\t<div class=\"e-con-inner\">\n\t\t<div class=\"elementor-element elementor-element-1aac41e e-con-full e-flex elementor-invisible e-con e-child\" data-id=\"1aac41e\" data-element_type=\"container\" data-e-type=\"container\" data-settings=\"{&quot;background_background&quot;:&quot;classic&quot;,&quot;animation&quot;:&quot;fadeInUp&quot;,&quot;animation_delay&quot;:400}\">\n\t\t<div class=\"elementor-element elementor-element-9c766ef e-con-full e-flex e-con e-child\" data-id=\"9c766ef\" data-element_type=\"container\" data-e-type=\"container\">\n\t\t\t\t<div class=\"elementor-element elementor-element-6d9e35d elementor-widget__width-inherit elementor-widget-mobile__width-initial elementor-invisible elementor-widget elementor-widget-heading\" data-id=\"6d9e35d\" data-element_type=\"widget\" data-e-type=\"widget\" data-settings=\"{&quot;_animation&quot;:&quot;fadeInUp&quot;,&quot;_animation_delay&quot;:200}\" data-widget_type=\"heading.default\">\n\t\t\t\t<div class=\"elementor-widget-container\">\n\t\t\t\t\t<h3 class=\"elementor-heading-title elementor-size-default\">Sie ben\u00f6tigen pers\u00f6nliche Unterst\u00fctzung?<\/h3>\t\t\t\t<\/div>\n\t\t\t\t<\/div>\n\t\t\t\t<div class=\"elementor-element elementor-element-f905ff4 elementor-widget__width-initial elementor-invisible elementor-widget elementor-widget-text-editor\" data-id=\"f905ff4\" data-element_type=\"widget\" data-e-type=\"widget\" data-settings=\"{&quot;_animation&quot;:&quot;fadeInUp&quot;,&quot;_animation_delay&quot;:400}\" data-widget_type=\"text-editor.default\">\n\t\t\t\t<div class=\"elementor-widget-container\">\n\t\t\t\t\t\t\t\t\t<p>Gerne unterst\u00fctzen wir Sie bei Fragen rund um das Thema Mieter-Portal und bei der Registrierung.<\/p>\t\t\t\t\t\t\t\t<\/div>\n\t\t\t\t<\/div>\n\t\t\t\t<div class=\"elementor-element elementor-element-18b2970 elementor-invisible elementor-widget elementor-widget-button\" data-id=\"18b2970\" data-element_type=\"widget\" data-e-type=\"widget\" data-settings=\"{&quot;_animation&quot;:&quot;fadeInUp&quot;,&quot;_animation_delay&quot;:600}\" data-widget_type=\"button.default\">\n\t\t\t\t<div class=\"elementor-widget-container\">\n\t\t\t\t\t\t\t\t\t<div class=\"elementor-button-wrapper\">\n\t\t\t\t\t<a class=\"elementor-button elementor-button-link elementor-size-sm\" href=\"https:\/\/stadtbau-wuerzburg.de\/en\/kontakt\/\">\n\t\t\t\t\t\t<span class=\"elementor-button-content-wrapper\">\n\t\t\t\t\t\t<span class=\"elementor-button-icon\">\n\t\t\t\t<i aria-hidden=\"true\" class=\"jki jki-arrow-circle-right-solid\"><\/i>\t\t\t<\/span>\n\t\t\t\t\t\t\t\t\t<span class=\"elementor-button-text\">Kontakt<\/span>\n\t\t\t\t\t<\/span>\n\t\t\t\t\t<\/a>\n\t\t\t\t<\/div>\n\t\t\t\t\t\t\t\t<\/div>\n\t\t\t\t<\/div>\n\t\t\t\t<\/div>\n\t\t\t\t<\/div>\n\t\t\t\t\t<\/div>\n\t\t\t\t<\/div>\n\t\t\t\t<\/div>","protected":false},"excerpt":{"rendered":"<p>Wohnung W\u00fcrzburg Wohnen in allen Lebenslagen. Sie sind auf der Suche nach einer passenden Wohnung? Hier entdecken Sie unsere aktuellen Angebote und erhalten alle wichtigen Informationen rund um Ihre Wohnungssuche. Wohnung finden Vergabekriterien unserer Wohnungen in Standardsprache Jetzt durchlesen Vergabekriterien unserer Wohnungen in leichter Sprache Jetzt durchlesen Informationen zum Zuschuss zur Miete (EOF, BayMod) Jetzt [&hellip;]<\/p>\n","protected":false},"author":1,"featured_media":0,"parent":0,"menu_order":0,"comment_status":"closed","ping_status":"closed","template":"","meta":{"footnotes":""},"class_list":["post-4248","page","type-page","status-publish","hentry"],"_links":{"self":[{"href":"https:\/\/stadtbau-wuerzburg.de\/en\/wp-json\/wp\/v2\/pages\/4248","targetHints":{"allow":["GET"]}}],"collection":[{"href":"https:\/\/stadtbau-wuerzburg.de\/en\/wp-json\/wp\/v2\/pages"}],"about":[{"href":"https:\/\/stadtbau-wuerzburg.de\/en\/wp-json\/wp\/v2\/types\/page"}],"author":[{"embeddable":true,"href":"https:\/\/stadtbau-wuerzburg.de\/en\/wp-json\/wp\/v2\/users\/1"}],"replies":[{"embeddable":true,"href":"https:\/\/stadtbau-wuerzburg.de\/en\/wp-json\/wp\/v2\/comments?post=4248"}],"version-history":[{"count":130,"href":"https:\/\/stadtbau-wuerzburg.de\/en\/wp-json\/wp\/v2\/pages\/4248\/revisions"}],"predecessor-version":[{"id":7758,"href":"https:\/\/stadtbau-wuerzburg.de\/en\/wp-json\/wp\/v2\/pages\/4248\/revisions\/7758"}],"wp:attachment":[{"href":"https:\/\/stadtbau-wuerzburg.de\/en\/wp-json\/wp\/v2\/media?parent=4248"}],"curies":[{"name":"wp","href":"https:\/\/api.w.org\/{rel}","templated":true}]}}