{"id":5159,"date":"2026-03-27T12:03:23","date_gmt":"2026-03-27T11:03:23","guid":{"rendered":"https:\/\/stadtbau-wuerzburg.de\/?page_id=5159"},"modified":"2026-04-14T20:33:48","modified_gmt":"2026-04-14T18:33:48","slug":"vergabekriterien","status":"publish","type":"page","link":"https:\/\/stadtbau-wuerzburg.de\/en\/vergabekriterien\/","title":{"rendered":"Vergabekriterien"},"content":{"rendered":"<div data-elementor-type=\"wp-page\" data-elementor-id=\"5159\" class=\"elementor elementor-5159\" data-elementor-post-type=\"page\">\n\t\t\t\t<div class=\"elementor-element elementor-element-69d4c397 e-flex e-con-boxed e-con e-parent\" data-id=\"69d4c397\" data-element_type=\"container\" data-e-type=\"container\" data-settings=\"{&quot;background_background&quot;:&quot;classic&quot;}\">\n\t\t\t\t\t<div class=\"e-con-inner\">\n\t\t\t\t<div class=\"elementor-element elementor-element-7465115b elementor-widget__width-initial elementor-invisible elementor-widget elementor-widget-heading\" data-id=\"7465115b\" data-element_type=\"widget\" data-e-type=\"widget\" data-settings=\"{&quot;_animation&quot;:&quot;fadeInUp&quot;,&quot;_animation_delay&quot;:200}\" data-widget_type=\"heading.default\">\n\t\t\t\t<div class=\"elementor-widget-container\">\n\t\t\t\t\t<h1 class=\"elementor-heading-title elementor-size-default\">Vergabekriterien<\/h1>\t\t\t\t<\/div>\n\t\t\t\t<\/div>\n\t\t\t\t<div class=\"elementor-element elementor-element-7870dcd elementor-widget__width-initial elementor-invisible elementor-widget elementor-widget-text-editor\" data-id=\"7870dcd\" data-element_type=\"widget\" data-e-type=\"widget\" data-settings=\"{&quot;_animation&quot;:&quot;fadeInUp&quot;,&quot;_animation_delay&quot;:400}\" data-widget_type=\"text-editor.default\">\n\t\t\t\t<div class=\"elementor-widget-container\">\n\t\t\t\t\t\t\t\t\t<p>Die Vergabe unserer Wohnungen folgt festen Richtlinien.<\/p>\t\t\t\t\t\t\t\t<\/div>\n\t\t\t\t<\/div>\n\t\t\t\t\t<\/div>\n\t\t\t\t<\/div>\n\t\t<div class=\"elementor-element elementor-element-ac3d8d2 e-flex e-con-boxed e-con e-parent\" data-id=\"ac3d8d2\" data-element_type=\"container\" data-e-type=\"container\">\n\t\t\t\t\t<div class=\"e-con-inner\">\n\t\t<div class=\"elementor-element elementor-element-8a212a2 e-con-full e-flex e-con e-child\" data-id=\"8a212a2\" data-element_type=\"container\" data-e-type=\"container\">\n\t\t\t\t<div class=\"elementor-element elementor-element-e38ecd3 elementor-widget__width-inherit elementor-invisible elementor-widget elementor-widget-text-editor\" data-id=\"e38ecd3\" data-element_type=\"widget\" data-e-type=\"widget\" data-settings=\"{&quot;_animation&quot;:&quot;fadeInUp&quot;,&quot;_animation_delay&quot;:400}\" data-widget_type=\"text-editor.default\">\n\t\t\t\t<div class=\"elementor-widget-container\">\n\t\t\t\t\t\t\t\t\t<p><strong>Mietsicherheit<\/strong><\/p><p>Die Zahlung der Miete und der Kaution muss dauerhaft sichergestellt sein. Der Interessent muss seine Zahlungsf\u00e4higkeit belegen.<\/p><p><strong>Einhaltung rechtlicher Vorgaben<\/strong><\/p><p>Bei \u00f6ffentlich gef\u00f6rdertem Wohnraum erfolgt die Belegung der Wohnung entsprechend der Bestimmung des Wohnungsbindungsgesetzes bzw. der Wohnraumf\u00f6rderbestimmungen.<\/p><p>Die Einhaltung der Bestimmungen wird durch die Vorlage des jeweils ben\u00f6tigten Wohnberechtigungsscheins gew\u00e4hrleistet.<\/p><p>Die Beantragung dieser F\u00f6rderung durch die Regierung, beantragen Sie selbst bei der Stadt W\u00fcrzburg, Fachbereich Soziales \u00fcber:<\/p><p>Fachbereich Soziales<br \/>Karmelitenstra\u00dfe 43<br \/>97070 W\u00fcrzburg<br \/>Tel: 0931 \u2013 37 0<br \/>Fax: 0931 \u2013 37 38 02<\/p><p><strong>Diskriminierungsfreie Wohnungsvergabe und faire Behandlung aller Interessenten<\/strong><\/p><p>Der gesamte Prozess der Vergabe von Wohnraum soll von der Betrachtung objektiver Kriterien und der fairen Behandlung aller Interessenten(-gruppen) geleitet sein. Dabei muss vermieden werden, Personen allein aufgrund ihrer nachfolgenden individuellen Merkmale (oder damit in Verbindung stehender Auspr\u00e4gungen) ung\u00fcnstiger zu behandeln: Die Rasse oder ethnische Herkunft, das Geschlecht, die Religion oder Weltanschauung, eine Behinderung, das Alter oder die sexuelle Identit\u00e4t.<\/p><p><strong>Stabile Nachbarschaften im Geb\u00e4ude<\/strong><\/p><p>Eine intakte Hausgemeinschaft ist der beste Garant f\u00fcr zufriedene Mieter. Daher achten wir bei der Belegung unserer Wohnungen darauf, bestehende Hausgemeinschaften stabil zu halten bzw. zu stabilisieren.<\/p><p><strong>Gemischte Bewohnerstruktur im Quartier<\/strong><\/p><p>Eine gute Mischung h\u00e4lt die Quartiere lebendig und aktiv. Es ist deshalb wichtig, dass Alt und Jung, Familien und Singles und auch eine m\u00f6glichst gro\u00dfe Streuung sozialer Schichten miteinander im Quartier wohnen. Schon bei der Entwicklung unseres Wohnungsbestandes legen wir Wert darauf, Wohnungen unterschiedlicher Standards anbieten zu k\u00f6nnen.<\/p><p>Gleichzeitig ber\u00fccksichtigen wir dieses Kriterium auch bei jeder Neuvermietung.<\/p><p><strong>Dringlichkeit<\/strong><\/p><p>Der Ausl\u00f6ser f\u00fcr jede Wohnungssuche ist eine pers\u00f6nliche Lebenssituation, die als individuelle und subjektive Dringlichkeit wahrgenommen wird.<\/p><p>Wir sehen eine Dringlichkeit insbesondere in folgenden F\u00e4llen:<\/p><ul><li>Ortsver\u00e4nderung durch Arbeitsplatzwechsel<\/li><li>Pers\u00f6nliche Lebenssituationen (Familiengr\u00fcndung, -zuwachs, Scheidung, Tod des Partners o. \u00e4.)<\/li><li>Eigenbedarfsk\u00fcndigungen und drohende Wohnungslosigkeit<\/li><li>Missverh\u00e4ltnis zwischen Haushalts- und Wohnungsgr\u00f6\u00dfe<\/li><li>Interne Priorit\u00e4ten, z. B. Umsetzungen aufgrund bevorstehender Bauma\u00dfnahmen<\/li><\/ul><p><strong>Ein Zuhause f\u00fcr Menschen mit Zugangsschwierigkeiten schaffen<\/strong><\/p><p>Viele Menschen haben es schwer, Zugang zum freien Wohnungsmarkt zu bekommen. Deshalb arbeiten wir mit verschiedenen Institutionen zusammen, um im Rahmen unserer M\u00f6glichkeiten hier Verantwortung zu \u00fcbernehmen. Besonders betrifft dies die Themen Barrierefreiheit und diverse Formen von Integration in den Wohnalltag.<\/p><p><strong>Unternehmensrichtlinien<\/strong><\/p><p>Als kommunales Wohnungsunternehmen findet unsere Wohnungsvergabe unter den hier erl\u00e4uterten Vergabekriterien statt. Die Stadtbau W\u00fcrzburg stellt f\u00fcr die Vergabeprozesse zentrale Tools zur Verf\u00fcgung (insb. \u201eImmomio\u201c), die eine rechtskonforme Vergabe in Bezug auf Datenschutz und Anti-Diskriminierungsregeln sicherstellen sollen. Daher ist es unzul\u00e4ssig, eigenst\u00e4ndige Kriterien und Prozesse f\u00fcr die Wohnungsvergabe zu etablieren.<\/p><p>Alle freifinanzierten Wohnungen werden der Allgemeinheit \u00fcber das Internet angeboten. Das bedeutet, Sie k\u00f6nnen als Mieter keinen Nachmieter vorschlagen, sondern diesen lediglich auf unser Wohnungsangebot hinweisen.<\/p><p>Zuwendungen, Beeinflussung oder Drohungen an unsere Mitarbeiter f\u00fchren zum sofortigen Ausschluss aus dem Vergabeverfahren.<\/p><p><strong>Eine Kontaktaufnahme nach der Bewerbung ist nicht notwendig. Den aktuellen Bewerbungsstand k\u00f6nnen Sie jederzeit \u00fcber Ihr Immomio-Konto abrufen.<\/strong><\/p>\t\t\t\t\t\t\t\t<\/div>\n\t\t\t\t<\/div>\n\t\t\t\t<\/div>\n\t\t\t\t\t<\/div>\n\t\t\t\t<\/div>\n\t\t\t\t<\/div>","protected":false},"excerpt":{"rendered":"<p>Vergabekriterien Die Vergabe unserer Wohnungen folgt festen Richtlinien. Mietsicherheit Die Zahlung der Miete und der Kaution muss dauerhaft sichergestellt sein. Der Interessent muss seine Zahlungsf\u00e4higkeit belegen. Einhaltung rechtlicher Vorgaben Bei \u00f6ffentlich gef\u00f6rdertem Wohnraum erfolgt die Belegung der Wohnung entsprechend der Bestimmung des Wohnungsbindungsgesetzes bzw. der Wohnraumf\u00f6rderbestimmungen. Die Einhaltung der Bestimmungen wird durch die Vorlage des [&hellip;]<\/p>\n","protected":false},"author":1,"featured_media":0,"parent":0,"menu_order":0,"comment_status":"closed","ping_status":"closed","template":"","meta":{"footnotes":""},"class_list":["post-5159","page","type-page","status-publish","hentry"],"_links":{"self":[{"href":"https:\/\/stadtbau-wuerzburg.de\/en\/wp-json\/wp\/v2\/pages\/5159","targetHints":{"allow":["GET"]}}],"collection":[{"href":"https:\/\/stadtbau-wuerzburg.de\/en\/wp-json\/wp\/v2\/pages"}],"about":[{"href":"https:\/\/stadtbau-wuerzburg.de\/en\/wp-json\/wp\/v2\/types\/page"}],"author":[{"embeddable":true,"href":"https:\/\/stadtbau-wuerzburg.de\/en\/wp-json\/wp\/v2\/users\/1"}],"replies":[{"embeddable":true,"href":"https:\/\/stadtbau-wuerzburg.de\/en\/wp-json\/wp\/v2\/comments?post=5159"}],"version-history":[{"count":22,"href":"https:\/\/stadtbau-wuerzburg.de\/en\/wp-json\/wp\/v2\/pages\/5159\/revisions"}],"predecessor-version":[{"id":7460,"href":"https:\/\/stadtbau-wuerzburg.de\/en\/wp-json\/wp\/v2\/pages\/5159\/revisions\/7460"}],"wp:attachment":[{"href":"https:\/\/stadtbau-wuerzburg.de\/en\/wp-json\/wp\/v2\/media?parent=5159"}],"curies":[{"name":"wp","href":"https:\/\/api.w.org\/{rel}","templated":true}]}}